{"id":50,"date":"2025-08-26T10:42:00","date_gmt":"2025-08-26T08:42:00","guid":{"rendered":"https:\/\/www.epparfums-bangkok.local\/mentions-legales\/"},"modified":"2025-10-28T10:47:03","modified_gmt":"2025-10-28T09:47:03","slug":"legal-notices","status":"publish","type":"page","link":"https:\/\/www.epparfums.ae\/en\/legal-notices\/","title":{"rendered":"Legal notices"},"content":{"rendered":"\n<h1 class=\"wp-block-heading\">Legal notices<\/h1>\n\n\n\n<h2 class=\"wp-block-heading\" id=\"raison-sociale\">Company name<\/h2>\n\n\n\n<p>EXPRESSIONS PARFUMEES S.A.S<br>136 Chemin de Saint Marc 06130 GRASSE<br>Capital social de 3.547.950\u20ac euros<br>RCS : 323 871 426<br>Code APE : 2053 Z<br>N\u00b0Siret : 323 871 426 00025<\/p>\n\n\n\n<h2 class=\"wp-block-heading\" id=\"coordonnees\">Contact details<\/h2>\n\n\n\n<p>T\u00e9l\u00e9phone :&nbsp;+33 (0)493090530<\/p>\n\n\n\n<h2 class=\"wp-block-heading\">Responsible for publication<\/h2>\n\n\n\n<p>Marie-Eug\u00e9nie BOUGE<\/p>\n\n\n\n<h2 class=\"wp-block-heading\" id=\"hebergement-du-site\">Website hosting<\/h2>\n\n\n\n<p>Website host : OVH SERVEUR D\u00c9DI\u00c9 par ComDZ<br>2 rue Kellerman<br>Roubaix \u2013 France<br>Website : https:\/\/www.ovh.com\/<\/p>\n\n\n\n<h2 class=\"wp-block-heading\" id=\"creation-et-developpement\">Design and development<\/h2>\n\n\n\n<p>ComDZ Agency<br>Address : 9 place Garibaldi \u2013 06300 Nice<br>Phone : 04 93 34 18 68<br>Website : www.comdz.fr<\/p>\n\n\n\n<h2 class=\"wp-block-heading\" id=\"credit-photos\">Photo credits<\/h2>\n\n\n\n<p>The visual elements used in this website were created by comdz. Certain visual elements may also come from the adobe stock photos image bank and the EXPRESSIONS PARFUMEES S.A.S. company<\/p>\n\n\n\n<h2 class=\"wp-block-heading\" id=\"avertissement\">Disclaimer<\/h2>\n\n\n\n<p>Content on the www.epparfums.com website is solely intended for the purpose of information and is non-contractual. We make every effort to ensure the exactitude and updating of information provided on this website, whose content we reserve the right to correct at any time and without notice. This content is non-exhaustive. The EXPRESSIONS PARFUMEES S.A.S. company declines all responsibility for any errors, inaccuracies or omissions in this information.<\/p>\n\n\n\n<h2 class=\"wp-block-heading\" id=\"droit-de-propriete\">Right of ownership<\/h2>\n\n\n\n<p>The website and its various components are protected by intellectual and industrial property law. Consequently, any representation, reproduction and, more generally, any use, by any means whatsoever, of all or part of the website (its general structure, photographs, information, icons, logos and graphics) without prior written authorisation of the EXPRESSIONS PARFUMEES S.A.S. company is strictly prohibited. The information contained in the website is exclusively reserved for private use. The reproduction of any document published on the www.epparfums.com website and the use of any copies made is solely authorised for information purposes for personal and private use.<\/p>\n","protected":false},"excerpt":{"rendered":"<p>Legal notices Company name EXPRESSIONS PARFUMEES S.A.S136 Chemin de Saint Marc 06130 GRASSECapital social de 3.547.950\u20ac eurosRCS : 323 871 426Code APE : 2053 ZN\u00b0Siret : 323 871 426 00025 Contact details T\u00e9l\u00e9phone :&nbsp;+33 (0)493090530 Responsible for publication Marie-Eug\u00e9nie BOUGE Website hosting Website host : OVH SERVEUR D\u00c9DI\u00c9 par ComDZ2 rue KellermanRoubaix \u2013 FranceWebsite : [&hellip;]<\/p>\n","protected":false},"author":1,"featured_media":0,"parent":0,"menu_order":0,"comment_status":"closed","ping_status":"closed","template":"templates\/template-legal.php","meta":{"_acf_changed":false,"_seopress_robots_primary_cat":"","_seopress_titles_title":"","_seopress_titles_desc":"","_seopress_robots_index":"","inline_featured_image":false,"footnotes":""},"class_list":["post-50","page","type-page","status-publish","hentry"],"acf":[],"_links":{"self":[{"href":"https:\/\/www.epparfums.ae\/en\/wp-json\/wp\/v2\/pages\/50","targetHints":{"allow":["GET"]}}],"collection":[{"href":"https:\/\/www.epparfums.ae\/en\/wp-json\/wp\/v2\/pages"}],"about":[{"href":"https:\/\/www.epparfums.ae\/en\/wp-json\/wp\/v2\/types\/page"}],"author":[{"embeddable":true,"href":"https:\/\/www.epparfums.ae\/en\/wp-json\/wp\/v2\/users\/1"}],"replies":[{"embeddable":true,"href":"https:\/\/www.epparfums.ae\/en\/wp-json\/wp\/v2\/comments?post=50"}],"version-history":[{"count":5,"href":"https:\/\/www.epparfums.ae\/en\/wp-json\/wp\/v2\/pages\/50\/revisions"}],"predecessor-version":[{"id":550,"href":"https:\/\/www.epparfums.ae\/en\/wp-json\/wp\/v2\/pages\/50\/revisions\/550"}],"wp:attachment":[{"href":"https:\/\/www.epparfums.ae\/en\/wp-json\/wp\/v2\/media?parent=50"}],"curies":[{"name":"wp","href":"https:\/\/api.w.org\/{rel}","templated":true}]}}